{"id":248,"date":"2025-01-17T15:42:15","date_gmt":"2025-01-17T15:42:15","guid":{"rendered":"https:\/\/www.erkovan.com.tr\/?page_id=248"},"modified":"2025-02-12T18:18:43","modified_gmt":"2025-02-12T18:18:43","slug":"yarim-ballik-cercevesi","status":"publish","type":"page","link":"https:\/\/www.erkovan.com.tr\/index.php\/yarim-ballik-cercevesi\/","title":{"rendered":"Yar\u0131m Ball\u0131k \u00c7er\u00e7evesi"},"content":{"rendered":"\t\t<div data-elementor-type=\"wp-page\" data-elementor-id=\"248\" class=\"elementor elementor-248\" data-elementor-post-type=\"page\">\n\t\t\t\t\t\t<section class=\"elementor-section elementor-top-section elementor-element elementor-element-68b7a880 elementor-section-boxed elementor-section-height-default elementor-section-height-default\" data-id=\"68b7a880\" data-element_type=\"section\" data-settings=\"{&quot;background_background&quot;:&quot;classic&quot;}\">\n\t\t\t\t\t\t\t<div class=\"elementor-background-overlay\"><\/div>\n\t\t\t\t\t\t\t<div class=\"elementor-container elementor-column-gap-default\">\n\t\t\t\t\t<div class=\"elementor-column elementor-col-100 elementor-top-column elementor-element elementor-element-43a2ca63\" data-id=\"43a2ca63\" data-element_type=\"column\">\n\t\t\t<div class=\"elementor-widget-wrap elementor-element-populated\">\n\t\t\t\t\t\t<div class=\"elementor-element elementor-element-2f1fcb23 elementor-invisible elementor-widget elementor-widget-heading\" data-id=\"2f1fcb23\" data-element_type=\"widget\" data-settings=\"{&quot;_animation&quot;:&quot;fadeInUp&quot;,&quot;_animation_delay&quot;:360}\" data-widget_type=\"heading.default\">\n\t\t\t\t<div class=\"elementor-widget-container\">\n\t\t\t\t\t<h2 class=\"elementor-heading-title elementor-size-default\">Yar\u0131m Ball\u0131k \u00c7er\u00e7evesi<\/h2>\t\t\t\t<\/div>\n\t\t\t\t<\/div>\n\t\t\t\t\t<\/div>\n\t\t<\/div>\n\t\t\t\t\t<\/div>\n\t\t<\/section>\n\t\t<div class=\"elementor-element elementor-element-7c2d62f e-flex e-con-boxed e-con e-parent\" data-id=\"7c2d62f\" data-element_type=\"container\">\n\t\t\t\t\t<div class=\"e-con-inner\">\n\t\t<div class=\"elementor-element elementor-element-211249d e-con-full e-flex e-con e-child\" data-id=\"211249d\" data-element_type=\"container\">\n\t\t\t\t<div class=\"elementor-element elementor-element-b142977 elementor-pagination-position-outside elementor-widget elementor-widget-image-carousel\" data-id=\"b142977\" data-element_type=\"widget\" data-settings=\"{&quot;slides_to_show&quot;:&quot;1&quot;,&quot;navigation&quot;:&quot;dots&quot;,&quot;autoplay&quot;:&quot;yes&quot;,&quot;pause_on_hover&quot;:&quot;yes&quot;,&quot;pause_on_interaction&quot;:&quot;yes&quot;,&quot;autoplay_speed&quot;:5000,&quot;infinite&quot;:&quot;yes&quot;,&quot;effect&quot;:&quot;slide&quot;,&quot;speed&quot;:500}\" data-widget_type=\"image-carousel.default\">\n\t\t\t\t<div class=\"elementor-widget-container\">\n\t\t\t\t\t\t\t<div class=\"elementor-image-carousel-wrapper swiper\" role=\"region\" aria-roledescription=\"carousel\" aria-label=\"Image Carousel\" dir=\"ltr\">\n\t\t\t<div class=\"elementor-image-carousel swiper-wrapper swiper-image-stretch\" aria-live=\"off\">\n\t\t\t\t\t\t\t\t<div class=\"swiper-slide\" role=\"group\" aria-roledescription=\"slide\" aria-label=\"1 of 5\"><figure class=\"swiper-slide-inner\"><img decoding=\"async\" class=\"swiper-slide-image\" src=\"https:\/\/www.erkovan.com.tr\/wp-content\/uploads\/elementor\/thumbs\/20250108_181921-scaled-r05ahoiv4yzwfhfi8c9l4m67s8dsi3gdzjgx5h0pzc.jpg\" alt=\"20250108_181921\" \/><\/figure><\/div><div class=\"swiper-slide\" role=\"group\" aria-roledescription=\"slide\" aria-label=\"2 of 5\"><figure class=\"swiper-slide-inner\"><img decoding=\"async\" class=\"swiper-slide-image\" src=\"https:\/\/www.erkovan.com.tr\/wp-content\/uploads\/elementor\/thumbs\/20250108_182030-scaled-r05ahsa7wb51pxa1mdw3el825rv9cvvbc22v2kv5ag.jpg\" alt=\"20250108_182030\" \/><\/figure><\/div><div class=\"swiper-slide\" role=\"group\" aria-roledescription=\"slide\" aria-label=\"3 of 5\"><figure class=\"swiper-slide-inner\"><img decoding=\"async\" class=\"swiper-slide-image\" src=\"https:\/\/www.erkovan.com.tr\/wp-content\/uploads\/elementor\/thumbs\/20250108_182337-scaled-r05ahwzeuhbhbz37uxx8921d4p83fddz0pcagyo6fc.jpg\" alt=\"20250108_182337\" \/><\/figure><\/div><div class=\"swiper-slide\" role=\"group\" aria-roledescription=\"slide\" aria-label=\"4 of 5\"><figure class=\"swiper-slide-inner\"><img decoding=\"async\" class=\"swiper-slide-image\" src=\"https:\/\/www.erkovan.com.tr\/wp-content\/uploads\/elementor\/thumbs\/20250108_182402-scaled-r05ahzsxezfcasz4eh53yjbqwuu72gp613aqwsjzwo.jpg\" alt=\"20250108_182402\" \/><\/figure><\/div><div class=\"swiper-slide\" role=\"group\" aria-roledescription=\"slide\" aria-label=\"5 of 5\"><figure class=\"swiper-slide-inner\"><img decoding=\"async\" class=\"swiper-slide-image\" src=\"https:\/\/www.erkovan.com.tr\/wp-content\/uploads\/elementor\/thumbs\/20250108_182538-scaled-r05ai3ka6bkhl8tnsirm8idlaebnx943dlwotwef7s.jpg\" alt=\"20250108_182538\" \/><\/figure><\/div>\t\t\t<\/div>\n\t\t\t\t\t\t\t\n\t\t\t\t\t\t\t\t\t<div class=\"swiper-pagination\"><\/div>\n\t\t\t\t\t\t\t\t\t<\/div>\n\t\t\t\t\t\t<\/div>\n\t\t\t\t<\/div>\n\t\t\t\t<\/div>\n\t\t<div class=\"elementor-element elementor-element-ffa8ef4 e-con-full e-flex e-con e-child\" data-id=\"ffa8ef4\" data-element_type=\"container\">\n\t\t\t\t<div class=\"elementor-element elementor-element-dc6b97c elementor-invisible elementor-widget elementor-widget-heading\" data-id=\"dc6b97c\" data-element_type=\"widget\" data-settings=\"{&quot;_animation&quot;:&quot;fadeInUp&quot;}\" data-widget_type=\"heading.default\">\n\t\t\t\t<div class=\"elementor-widget-container\">\n\t\t\t\t\t<h2 class=\"elementor-heading-title elementor-size-default\">Yar\u0131m Ball\u0131k \u00c7er\u00e7evesi<\/h2>\t\t\t\t<\/div>\n\t\t\t\t<\/div>\n\t\t\t\t<div class=\"elementor-element elementor-element-ad8e003 elementor-widget elementor-widget-text-editor\" data-id=\"ad8e003\" data-element_type=\"widget\" data-widget_type=\"text-editor.default\">\n\t\t\t\t<div class=\"elementor-widget-container\">\n\t\t\t\t\t\t\t\t\t<p>Yar\u0131m ball\u0131k \u00e7er\u00e7eveleri, ar\u0131c\u0131l\u0131k faaliyetlerinde esneklik ve verimlilik sa\u011flayan \u00f6zel bir ekipman olarak tasarlanm\u0131\u015ft\u0131r. Erkovan yar\u0131m ball\u0131k \u00e7er\u00e7eveleri, ar\u0131 kolonilerinizin ihtiya\u00e7lar\u0131na uygun \u015fekilde \u00fcretilmi\u015f olup, dayan\u0131kl\u0131 ve kaliteli malzemelerden yap\u0131lm\u0131\u015ft\u0131r. Bu \u00e7er\u00e7eveler, yar\u0131m ball\u0131klarla m\u00fckemmel uyum sa\u011flayarak bal \u00fcretim s\u00fcrecinizi kolayla\u015ft\u0131r\u0131r.<\/p><p>Daha kompakt bir yap\u0131ya sahip olan yar\u0131m ball\u0131k \u00e7er\u00e7eveleri, ar\u0131lar\u0131n\u0131z\u0131n petek olu\u015fturma i\u015flemini h\u0131zland\u0131r\u0131r ve bal depolama alanlar\u0131n\u0131 optimize eder. K\u00fc\u00e7\u00fck \u00f6l\u00e7ekli ar\u0131c\u0131l\u0131k faaliyetleri veya ek bal hasad\u0131 yapmak isteyen ar\u0131c\u0131lar i\u00e7in ideal bir \u00e7\u00f6z\u00fcmd\u00fcr. Ergonomik tasar\u0131m\u0131 sayesinde \u00e7er\u00e7eve montaj\u0131 ve demontaj\u0131 olduk\u00e7a kolayd\u0131r, bu da zamandan tasarruf sa\u011flar.<\/p>\t\t\t\t\t\t\t\t<\/div>\n\t\t\t\t<\/div>\n\t\t\t\t<div class=\"elementor-element elementor-element-81acc88 elementor-align-left elementor-widget elementor-widget-button\" data-id=\"81acc88\" data-element_type=\"widget\" data-widget_type=\"button.default\">\n\t\t\t\t<div class=\"elementor-widget-container\">\n\t\t\t\t\t\t\t\t\t<div class=\"elementor-button-wrapper\">\n\t\t\t\t\t<a class=\"elementor-button elementor-button-link elementor-size-md\" href=\"https:\/\/www.erkovan.com.tr\/index.php\/iletisim\/\">\n\t\t\t\t\t\t<span class=\"elementor-button-content-wrapper\">\n\t\t\t\t\t\t\t\t\t<span class=\"elementor-button-text\">\u0130leti\u015fim<\/span>\n\t\t\t\t\t<\/span>\n\t\t\t\t\t<\/a>\n\t\t\t\t<\/div>\n\t\t\t\t\t\t\t\t<\/div>\n\t\t\t\t<\/div>\n\t\t\t\t<\/div>\n\t\t\t\t\t<\/div>\n\t\t\t\t<\/div>\n\t\t\t\t<section class=\"elementor-section elementor-top-section elementor-element elementor-element-c917b25 elementor-section-boxed elementor-section-height-default elementor-section-height-default\" data-id=\"c917b25\" data-element_type=\"section\" data-settings=\"{&quot;background_background&quot;:&quot;classic&quot;}\">\n\t\t\t\t\t\t\t<div class=\"elementor-background-overlay\"><\/div>\n\t\t\t\t\t\t\t<div class=\"elementor-container elementor-column-gap-default\">\n\t\t\t\t\t<div class=\"elementor-column elementor-col-100 elementor-top-column elementor-element elementor-element-eb50808 elementor-invisible\" data-id=\"eb50808\" data-element_type=\"column\" data-settings=\"{&quot;animation&quot;:&quot;fadeInUp&quot;}\">\n\t\t\t<div class=\"elementor-widget-wrap elementor-element-populated\">\n\t\t\t\t\t\t<div class=\"elementor-element elementor-element-639cec8 elementor-widget elementor-widget-heading\" data-id=\"639cec8\" data-element_type=\"widget\" data-widget_type=\"heading.default\">\n\t\t\t\t<div class=\"elementor-widget-container\">\n\t\t\t\t\t<h2 class=\"elementor-heading-title elementor-size-default\">B\u0130ZE ULA\u015eIN<\/h2>\t\t\t\t<\/div>\n\t\t\t\t<\/div>\n\t\t\t\t<div class=\"elementor-element elementor-element-5ddf7da elementor-widget elementor-widget-heading\" data-id=\"5ddf7da\" data-element_type=\"widget\" data-widget_type=\"heading.default\">\n\t\t\t\t<div class=\"elementor-widget-container\">\n\t\t\t\t\t<h2 class=\"elementor-heading-title elementor-size-default\">Erkovan\u2019la Ar\u0131c\u0131l\u0131k Daha Verimli!<\/h2>\t\t\t\t<\/div>\n\t\t\t\t<\/div>\n\t\t\t\t<div class=\"elementor-element elementor-element-4449bcf elementor-widget elementor-widget-text-editor\" data-id=\"4449bcf\" data-element_type=\"widget\" data-widget_type=\"text-editor.default\">\n\t\t\t\t<div class=\"elementor-widget-container\">\n\t\t\t\t\t\t\t\t\t<p>Erkovan olarak, modern ar\u0131c\u0131l\u0131k i\u00e7in g\u00fcvenilir \u00e7\u00f6z\u00fcmler sunmaya ve ar\u0131c\u0131l\u0131kla u\u011fra\u015fanlar\u0131n yan\u0131nda olmaya devam ediyoruz.<\/p>\t\t\t\t\t\t\t\t<\/div>\n\t\t\t\t<\/div>\n\t\t\t\t<div class=\"elementor-element elementor-element-05237c3 elementor-align-center elementor-widget elementor-widget-button\" data-id=\"05237c3\" data-element_type=\"widget\" data-widget_type=\"button.default\">\n\t\t\t\t<div class=\"elementor-widget-container\">\n\t\t\t\t\t\t\t\t\t<div class=\"elementor-button-wrapper\">\n\t\t\t\t\t<a class=\"elementor-button elementor-button-link elementor-size-md\" href=\"https:\/\/www.erkovan.com.tr\/index.php\/iletisim\/\">\n\t\t\t\t\t\t<span class=\"elementor-button-content-wrapper\">\n\t\t\t\t\t\t\t\t\t<span class=\"elementor-button-text\">\u0130leti\u015fim<\/span>\n\t\t\t\t\t<\/span>\n\t\t\t\t\t<\/a>\n\t\t\t\t<\/div>\n\t\t\t\t\t\t\t\t<\/div>\n\t\t\t\t<\/div>\n\t\t\t\t\t<\/div>\n\t\t<\/div>\n\t\t\t\t\t<\/div>\n\t\t<\/section>\n\t\t\t\t<\/div>\n\t\t","protected":false},"excerpt":{"rendered":"<p>Yar\u0131m Ball\u0131k \u00c7er\u00e7evesi Yar\u0131m Ball\u0131k \u00c7er\u00e7evesi Yar\u0131m ball\u0131k \u00e7er\u00e7eveleri, ar\u0131c\u0131l\u0131k faaliyetlerinde esneklik ve verimlilik sa\u011flayan \u00f6zel bir ekipman olarak tasarlanm\u0131\u015ft\u0131r. Erkovan yar\u0131m ball\u0131k \u00e7er\u00e7eveleri, ar\u0131 kolonilerinizin ihtiya\u00e7lar\u0131na uygun \u015fekilde \u00fcretilmi\u015f olup, dayan\u0131kl\u0131 ve kaliteli malzemelerden yap\u0131lm\u0131\u015ft\u0131r. Bu \u00e7er\u00e7eveler, yar\u0131m ball\u0131klarla m\u00fckemmel uyum sa\u011flayarak bal \u00fcretim s\u00fcrecinizi kolayla\u015ft\u0131r\u0131r. Daha kompakt bir yap\u0131ya sahip olan yar\u0131m ball\u0131k [&hellip;]<\/p>\n","protected":false},"author":1,"featured_media":0,"parent":0,"menu_order":0,"comment_status":"closed","ping_status":"closed","template":"elementor_header_footer","meta":{"footnotes":""},"class_list":["post-248","page","type-page","status-publish","hentry"],"_links":{"self":[{"href":"https:\/\/www.erkovan.com.tr\/index.php\/wp-json\/wp\/v2\/pages\/248","targetHints":{"allow":["GET"]}}],"collection":[{"href":"https:\/\/www.erkovan.com.tr\/index.php\/wp-json\/wp\/v2\/pages"}],"about":[{"href":"https:\/\/www.erkovan.com.tr\/index.php\/wp-json\/wp\/v2\/types\/page"}],"author":[{"embeddable":true,"href":"https:\/\/www.erkovan.com.tr\/index.php\/wp-json\/wp\/v2\/users\/1"}],"replies":[{"embeddable":true,"href":"https:\/\/www.erkovan.com.tr\/index.php\/wp-json\/wp\/v2\/comments?post=248"}],"version-history":[{"count":6,"href":"https:\/\/www.erkovan.com.tr\/index.php\/wp-json\/wp\/v2\/pages\/248\/revisions"}],"predecessor-version":[{"id":372,"href":"https:\/\/www.erkovan.com.tr\/index.php\/wp-json\/wp\/v2\/pages\/248\/revisions\/372"}],"wp:attachment":[{"href":"https:\/\/www.erkovan.com.tr\/index.php\/wp-json\/wp\/v2\/media?parent=248"}],"curies":[{"name":"wp","href":"https:\/\/api.w.org\/{rel}","templated":true}]}}