{"id":239,"date":"2025-01-17T15:41:07","date_gmt":"2025-01-17T15:41:07","guid":{"rendered":"https:\/\/www.erkovan.com.tr\/?page_id=239"},"modified":"2025-02-12T18:17:01","modified_gmt":"2025-02-12T18:17:01","slug":"cerceve","status":"publish","type":"page","link":"https:\/\/www.erkovan.com.tr\/index.php\/cerceve\/","title":{"rendered":"\u00c7er\u00e7eve"},"content":{"rendered":"\t\t<div data-elementor-type=\"wp-page\" data-elementor-id=\"239\" class=\"elementor elementor-239\" data-elementor-post-type=\"page\">\n\t\t\t\t\t\t<section class=\"elementor-section elementor-top-section elementor-element elementor-element-68b7a880 elementor-section-boxed elementor-section-height-default elementor-section-height-default\" data-id=\"68b7a880\" data-element_type=\"section\" data-settings=\"{&quot;background_background&quot;:&quot;classic&quot;}\">\n\t\t\t\t\t\t\t<div class=\"elementor-background-overlay\"><\/div>\n\t\t\t\t\t\t\t<div class=\"elementor-container elementor-column-gap-default\">\n\t\t\t\t\t<div class=\"elementor-column elementor-col-100 elementor-top-column elementor-element elementor-element-43a2ca63\" data-id=\"43a2ca63\" data-element_type=\"column\">\n\t\t\t<div class=\"elementor-widget-wrap elementor-element-populated\">\n\t\t\t\t\t\t<div class=\"elementor-element elementor-element-2f1fcb23 elementor-invisible elementor-widget elementor-widget-heading\" data-id=\"2f1fcb23\" data-element_type=\"widget\" data-settings=\"{&quot;_animation&quot;:&quot;fadeInUp&quot;,&quot;_animation_delay&quot;:360}\" data-widget_type=\"heading.default\">\n\t\t\t\t<div class=\"elementor-widget-container\">\n\t\t\t\t\t<h2 class=\"elementor-heading-title elementor-size-default\">\u00c7er\u00e7eve<\/h2>\t\t\t\t<\/div>\n\t\t\t\t<\/div>\n\t\t\t\t\t<\/div>\n\t\t<\/div>\n\t\t\t\t\t<\/div>\n\t\t<\/section>\n\t\t<div class=\"elementor-element elementor-element-7c2d62f e-flex e-con-boxed e-con e-parent\" data-id=\"7c2d62f\" data-element_type=\"container\">\n\t\t\t\t\t<div class=\"e-con-inner\">\n\t\t<div class=\"elementor-element elementor-element-211249d e-con-full e-flex e-con e-child\" data-id=\"211249d\" data-element_type=\"container\">\n\t\t\t\t<div class=\"elementor-element elementor-element-b142977 elementor-pagination-position-outside elementor-widget elementor-widget-image-carousel\" data-id=\"b142977\" data-element_type=\"widget\" data-settings=\"{&quot;slides_to_show&quot;:&quot;1&quot;,&quot;navigation&quot;:&quot;dots&quot;,&quot;autoplay&quot;:&quot;yes&quot;,&quot;pause_on_hover&quot;:&quot;yes&quot;,&quot;pause_on_interaction&quot;:&quot;yes&quot;,&quot;autoplay_speed&quot;:5000,&quot;infinite&quot;:&quot;yes&quot;,&quot;effect&quot;:&quot;slide&quot;,&quot;speed&quot;:500}\" data-widget_type=\"image-carousel.default\">\n\t\t\t\t<div class=\"elementor-widget-container\">\n\t\t\t\t\t\t\t<div class=\"elementor-image-carousel-wrapper swiper\" role=\"region\" aria-roledescription=\"carousel\" aria-label=\"Image Carousel\" dir=\"ltr\">\n\t\t\t<div class=\"elementor-image-carousel swiper-wrapper swiper-image-stretch\" aria-live=\"off\">\n\t\t\t\t\t\t\t\t<div class=\"swiper-slide\" role=\"group\" aria-roledescription=\"slide\" aria-label=\"1 of 5\"><figure class=\"swiper-slide-inner\"><img decoding=\"async\" class=\"swiper-slide-image\" src=\"https:\/\/www.erkovan.com.tr\/wp-content\/uploads\/elementor\/thumbs\/20250108_181155-scaled-r05afyhilwmz57xmalg7k1tsksvke2m3r0evh7kpe0.jpg\" alt=\"20250108_181155\" \/><\/figure><\/div><div class=\"swiper-slide\" role=\"group\" aria-roledescription=\"slide\" aria-label=\"2 of 5\"><figure class=\"swiper-slide-inner\"><img decoding=\"async\" class=\"swiper-slide-image\" src=\"https:\/\/www.erkovan.com.tr\/wp-content\/uploads\/elementor\/thumbs\/20250108_181339-scaled-r05ag28vd8s4fns5on2pu0vmycd18v113j0tebf4p4.jpg\" alt=\"20250108_181339\" \/><\/figure><\/div><div class=\"swiper-slide\" role=\"group\" aria-roledescription=\"slide\" aria-label=\"3 of 5\"><figure class=\"swiper-slide-inner\"><img decoding=\"async\" class=\"swiper-slide-image\" src=\"https:\/\/www.erkovan.com.tr\/wp-content\/uploads\/elementor\/thumbs\/20250108_181354-scaled-r05ag6084kx9q3mp2op83zxhbvui3nfyg1mrbf9k08.jpg\" alt=\"20250108_181354\" \/><\/figure><\/div><div class=\"swiper-slide\" role=\"group\" aria-roledescription=\"slide\" aria-label=\"4 of 5\"><figure class=\"swiper-slide-inner\"><img decoding=\"async\" class=\"swiper-slide-image\" src=\"https:\/\/www.erkovan.com.tr\/wp-content\/uploads\/elementor\/thumbs\/20250108_181406-scaled-r05ag9rkvx2f0jh8gqbqdyzbpfbyyfuvsk8p8j3zbc.jpg\" alt=\"20250108_181406\" \/><\/figure><\/div><div class=\"swiper-slide\" role=\"group\" aria-roledescription=\"slide\" aria-label=\"5 of 5\"><figure class=\"swiper-slide-inner\"><img decoding=\"async\" class=\"swiper-slide-image\" src=\"https:\/\/www.erkovan.com.tr\/wp-content\/uploads\/elementor\/thumbs\/20250108_181419-scaled-r05agdixn97kazbrury8ny162ytft89t52un5myemg.jpg\" alt=\"20250108_181419\" \/><\/figure><\/div>\t\t\t<\/div>\n\t\t\t\t\t\t\t\n\t\t\t\t\t\t\t\t\t<div class=\"swiper-pagination\"><\/div>\n\t\t\t\t\t\t\t\t\t<\/div>\n\t\t\t\t\t\t<\/div>\n\t\t\t\t<\/div>\n\t\t\t\t<\/div>\n\t\t<div class=\"elementor-element elementor-element-ffa8ef4 e-con-full e-flex e-con e-child\" data-id=\"ffa8ef4\" data-element_type=\"container\">\n\t\t\t\t<div class=\"elementor-element elementor-element-dc6b97c elementor-invisible elementor-widget elementor-widget-heading\" data-id=\"dc6b97c\" data-element_type=\"widget\" data-settings=\"{&quot;_animation&quot;:&quot;fadeInUp&quot;}\" data-widget_type=\"heading.default\">\n\t\t\t\t<div class=\"elementor-widget-container\">\n\t\t\t\t\t<h2 class=\"elementor-heading-title elementor-size-default\">\u00c7er\u00e7eve<\/h2>\t\t\t\t<\/div>\n\t\t\t\t<\/div>\n\t\t\t\t<div class=\"elementor-element elementor-element-ad8e003 elementor-widget elementor-widget-text-editor\" data-id=\"ad8e003\" data-element_type=\"widget\" data-widget_type=\"text-editor.default\">\n\t\t\t\t<div class=\"elementor-widget-container\">\n\t\t\t\t\t\t\t\t\t<p>\u00c7er\u00e7eve, ar\u0131 kovanlar\u0131n\u0131n vazge\u00e7ilmez bir par\u00e7as\u0131d\u0131r ve ar\u0131lar\u0131n\u0131z\u0131n do\u011fal i\u015fleyi\u015fine en iyi \u015fekilde uyum sa\u011flayarak bal, polen ve di\u011fer ar\u0131 \u00fcr\u00fcnlerinin \u00fcretiminde kritik bir rol oynar. Erkovan \u00e7er\u00e7eveleri, dayan\u0131kl\u0131 malzemelerden \u00fcretilmi\u015f olup, uzun \u00f6m\u00fcrl\u00fc kullan\u0131m ve y\u00fcksek performans sunar.<\/p><p>Standart \u00f6l\u00e7\u00fclerde tasarlanan \u00e7er\u00e7evelerimiz, her t\u00fcrl\u00fc kovan tipine uyum sa\u011flar. Bu uyumluluk, ar\u0131c\u0131l\u0131k faaliyetlerinizi daha esnek ve verimli hale getirirken, kovanlar aras\u0131nda \u00e7er\u00e7eve transferini kolayla\u015ft\u0131r\u0131r. Sa\u011flam yap\u0131s\u0131 sayesinde ar\u0131lar\u0131n\u0131z i\u00e7in g\u00fcvenilir bir yuva sunar ve kolonilerinizin d\u00fczenli \u00e7al\u0131\u015fmas\u0131n\u0131 destekler.<\/p>\t\t\t\t\t\t\t\t<\/div>\n\t\t\t\t<\/div>\n\t\t\t\t<div class=\"elementor-element elementor-element-81acc88 elementor-align-left elementor-widget elementor-widget-button\" data-id=\"81acc88\" data-element_type=\"widget\" data-widget_type=\"button.default\">\n\t\t\t\t<div class=\"elementor-widget-container\">\n\t\t\t\t\t\t\t\t\t<div class=\"elementor-button-wrapper\">\n\t\t\t\t\t<a class=\"elementor-button elementor-button-link elementor-size-md\" href=\"https:\/\/www.erkovan.com.tr\/index.php\/iletisim\/\">\n\t\t\t\t\t\t<span class=\"elementor-button-content-wrapper\">\n\t\t\t\t\t\t\t\t\t<span class=\"elementor-button-text\">\u0130leti\u015fim<\/span>\n\t\t\t\t\t<\/span>\n\t\t\t\t\t<\/a>\n\t\t\t\t<\/div>\n\t\t\t\t\t\t\t\t<\/div>\n\t\t\t\t<\/div>\n\t\t\t\t<\/div>\n\t\t\t\t\t<\/div>\n\t\t\t\t<\/div>\n\t\t\t\t<section class=\"elementor-section elementor-top-section elementor-element elementor-element-c917b25 elementor-section-boxed elementor-section-height-default elementor-section-height-default\" data-id=\"c917b25\" data-element_type=\"section\" data-settings=\"{&quot;background_background&quot;:&quot;classic&quot;}\">\n\t\t\t\t\t\t\t<div class=\"elementor-background-overlay\"><\/div>\n\t\t\t\t\t\t\t<div class=\"elementor-container elementor-column-gap-default\">\n\t\t\t\t\t<div class=\"elementor-column elementor-col-100 elementor-top-column elementor-element elementor-element-eb50808 elementor-invisible\" data-id=\"eb50808\" data-element_type=\"column\" data-settings=\"{&quot;animation&quot;:&quot;fadeInUp&quot;}\">\n\t\t\t<div class=\"elementor-widget-wrap elementor-element-populated\">\n\t\t\t\t\t\t<div class=\"elementor-element elementor-element-639cec8 elementor-widget elementor-widget-heading\" data-id=\"639cec8\" data-element_type=\"widget\" data-widget_type=\"heading.default\">\n\t\t\t\t<div class=\"elementor-widget-container\">\n\t\t\t\t\t<h2 class=\"elementor-heading-title elementor-size-default\">B\u0130ZE ULA\u015eIN<\/h2>\t\t\t\t<\/div>\n\t\t\t\t<\/div>\n\t\t\t\t<div class=\"elementor-element elementor-element-5ddf7da elementor-widget elementor-widget-heading\" data-id=\"5ddf7da\" data-element_type=\"widget\" data-widget_type=\"heading.default\">\n\t\t\t\t<div class=\"elementor-widget-container\">\n\t\t\t\t\t<h2 class=\"elementor-heading-title elementor-size-default\">Erkovan\u2019la Ar\u0131c\u0131l\u0131k Daha Verimli!<\/h2>\t\t\t\t<\/div>\n\t\t\t\t<\/div>\n\t\t\t\t<div class=\"elementor-element elementor-element-4449bcf elementor-widget elementor-widget-text-editor\" data-id=\"4449bcf\" data-element_type=\"widget\" data-widget_type=\"text-editor.default\">\n\t\t\t\t<div class=\"elementor-widget-container\">\n\t\t\t\t\t\t\t\t\t<p>Erkovan olarak, modern ar\u0131c\u0131l\u0131k i\u00e7in g\u00fcvenilir \u00e7\u00f6z\u00fcmler sunmaya ve ar\u0131c\u0131l\u0131kla u\u011fra\u015fanlar\u0131n yan\u0131nda olmaya devam ediyoruz.<\/p>\t\t\t\t\t\t\t\t<\/div>\n\t\t\t\t<\/div>\n\t\t\t\t<div class=\"elementor-element elementor-element-05237c3 elementor-align-center elementor-widget elementor-widget-button\" data-id=\"05237c3\" data-element_type=\"widget\" data-widget_type=\"button.default\">\n\t\t\t\t<div class=\"elementor-widget-container\">\n\t\t\t\t\t\t\t\t\t<div class=\"elementor-button-wrapper\">\n\t\t\t\t\t<a class=\"elementor-button elementor-button-link elementor-size-md\" href=\"https:\/\/www.erkovan.com.tr\/index.php\/iletisim\/\">\n\t\t\t\t\t\t<span class=\"elementor-button-content-wrapper\">\n\t\t\t\t\t\t\t\t\t<span class=\"elementor-button-text\">\u0130leti\u015fim<\/span>\n\t\t\t\t\t<\/span>\n\t\t\t\t\t<\/a>\n\t\t\t\t<\/div>\n\t\t\t\t\t\t\t\t<\/div>\n\t\t\t\t<\/div>\n\t\t\t\t\t<\/div>\n\t\t<\/div>\n\t\t\t\t\t<\/div>\n\t\t<\/section>\n\t\t\t\t<\/div>\n\t\t","protected":false},"excerpt":{"rendered":"<p>\u00c7er\u00e7eve \u00c7er\u00e7eve \u00c7er\u00e7eve, ar\u0131 kovanlar\u0131n\u0131n vazge\u00e7ilmez bir par\u00e7as\u0131d\u0131r ve ar\u0131lar\u0131n\u0131z\u0131n do\u011fal i\u015fleyi\u015fine en iyi \u015fekilde uyum sa\u011flayarak bal, polen ve di\u011fer ar\u0131 \u00fcr\u00fcnlerinin \u00fcretiminde kritik bir rol oynar. Erkovan \u00e7er\u00e7eveleri, dayan\u0131kl\u0131 malzemelerden \u00fcretilmi\u015f olup, uzun \u00f6m\u00fcrl\u00fc kullan\u0131m ve y\u00fcksek performans sunar. Standart \u00f6l\u00e7\u00fclerde tasarlanan \u00e7er\u00e7evelerimiz, her t\u00fcrl\u00fc kovan tipine uyum sa\u011flar. Bu uyumluluk, ar\u0131c\u0131l\u0131k faaliyetlerinizi [&hellip;]<\/p>\n","protected":false},"author":1,"featured_media":0,"parent":0,"menu_order":0,"comment_status":"closed","ping_status":"closed","template":"elementor_header_footer","meta":{"footnotes":""},"class_list":["post-239","page","type-page","status-publish","hentry"],"_links":{"self":[{"href":"https:\/\/www.erkovan.com.tr\/index.php\/wp-json\/wp\/v2\/pages\/239","targetHints":{"allow":["GET"]}}],"collection":[{"href":"https:\/\/www.erkovan.com.tr\/index.php\/wp-json\/wp\/v2\/pages"}],"about":[{"href":"https:\/\/www.erkovan.com.tr\/index.php\/wp-json\/wp\/v2\/types\/page"}],"author":[{"embeddable":true,"href":"https:\/\/www.erkovan.com.tr\/index.php\/wp-json\/wp\/v2\/users\/1"}],"replies":[{"embeddable":true,"href":"https:\/\/www.erkovan.com.tr\/index.php\/wp-json\/wp\/v2\/comments?post=239"}],"version-history":[{"count":6,"href":"https:\/\/www.erkovan.com.tr\/index.php\/wp-json\/wp\/v2\/pages\/239\/revisions"}],"predecessor-version":[{"id":369,"href":"https:\/\/www.erkovan.com.tr\/index.php\/wp-json\/wp\/v2\/pages\/239\/revisions\/369"}],"wp:attachment":[{"href":"https:\/\/www.erkovan.com.tr\/index.php\/wp-json\/wp\/v2\/media?parent=239"}],"curies":[{"name":"wp","href":"https:\/\/api.w.org\/{rel}","templated":true}]}}