{"id":232,"date":"2025-01-17T15:39:49","date_gmt":"2025-01-17T15:39:49","guid":{"rendered":"https:\/\/www.erkovan.com.tr\/?page_id=232"},"modified":"2025-05-18T23:38:35","modified_gmt":"2025-05-18T23:38:35","slug":"plastik-tabana-uyumlu-kuluckalik","status":"publish","type":"page","link":"https:\/\/www.erkovan.com.tr\/index.php\/plastik-tabana-uyumlu-kuluckalik\/","title":{"rendered":"Plastik Tabana Uyumlu Kulu\u00e7kal\u0131k"},"content":{"rendered":"\t\t<div data-elementor-type=\"wp-page\" data-elementor-id=\"232\" class=\"elementor elementor-232\" data-elementor-post-type=\"page\">\n\t\t\t\t\t\t<section class=\"elementor-section elementor-top-section elementor-element elementor-element-68b7a880 elementor-section-boxed elementor-section-height-default elementor-section-height-default\" data-id=\"68b7a880\" data-element_type=\"section\" data-settings=\"{&quot;background_background&quot;:&quot;classic&quot;}\">\n\t\t\t\t\t\t\t<div class=\"elementor-background-overlay\"><\/div>\n\t\t\t\t\t\t\t<div class=\"elementor-container elementor-column-gap-default\">\n\t\t\t\t\t<div class=\"elementor-column elementor-col-100 elementor-top-column elementor-element elementor-element-43a2ca63\" data-id=\"43a2ca63\" data-element_type=\"column\">\n\t\t\t<div class=\"elementor-widget-wrap elementor-element-populated\">\n\t\t\t\t\t\t<div class=\"elementor-element elementor-element-2f1fcb23 elementor-invisible elementor-widget elementor-widget-heading\" data-id=\"2f1fcb23\" data-element_type=\"widget\" data-settings=\"{&quot;_animation&quot;:&quot;fadeInUp&quot;,&quot;_animation_delay&quot;:360}\" data-widget_type=\"heading.default\">\n\t\t\t\t<div class=\"elementor-widget-container\">\n\t\t\t\t\t<h2 class=\"elementor-heading-title elementor-size-default\">Plastik tabana uyumlu kulu\u00e7kal\u0131k <\/h2>\t\t\t\t<\/div>\n\t\t\t\t<\/div>\n\t\t\t\t\t<\/div>\n\t\t<\/div>\n\t\t\t\t\t<\/div>\n\t\t<\/section>\n\t\t<div class=\"elementor-element elementor-element-7c2d62f e-flex e-con-boxed e-con e-parent\" data-id=\"7c2d62f\" data-element_type=\"container\">\n\t\t\t\t\t<div class=\"e-con-inner\">\n\t\t<div class=\"elementor-element elementor-element-211249d e-con-full e-flex e-con e-child\" data-id=\"211249d\" data-element_type=\"container\">\n\t\t\t\t<div class=\"elementor-element elementor-element-b142977 elementor-pagination-position-outside elementor-widget elementor-widget-image-carousel\" data-id=\"b142977\" data-element_type=\"widget\" data-settings=\"{&quot;slides_to_show&quot;:&quot;1&quot;,&quot;navigation&quot;:&quot;dots&quot;,&quot;autoplay&quot;:&quot;yes&quot;,&quot;pause_on_hover&quot;:&quot;yes&quot;,&quot;pause_on_interaction&quot;:&quot;yes&quot;,&quot;autoplay_speed&quot;:5000,&quot;infinite&quot;:&quot;yes&quot;,&quot;effect&quot;:&quot;slide&quot;,&quot;speed&quot;:500}\" data-widget_type=\"image-carousel.default\">\n\t\t\t\t<div class=\"elementor-widget-container\">\n\t\t\t\t\t\t\t<div class=\"elementor-image-carousel-wrapper swiper\" role=\"region\" aria-roledescription=\"carousel\" aria-label=\"Image Carousel\" dir=\"ltr\">\n\t\t\t<div class=\"elementor-image-carousel swiper-wrapper swiper-image-stretch\" aria-live=\"off\">\n\t\t\t\t\t\t\t\t<div class=\"swiper-slide\" role=\"group\" aria-roledescription=\"slide\" aria-label=\"1 of 3\"><figure class=\"swiper-slide-inner\"><img decoding=\"async\" class=\"swiper-slide-image\" src=\"https:\/\/www.erkovan.com.tr\/wp-content\/uploads\/elementor\/thumbs\/20250108_172204-scaled-r05adz1s6hx6mutdvqkkajurfino52qi56tz06imiw.jpg\" alt=\"20250108_172204\" \/><\/figure><\/div><div class=\"swiper-slide\" role=\"group\" aria-roledescription=\"slide\" aria-label=\"2 of 3\"><figure class=\"swiper-slide-inner\"><img decoding=\"async\" class=\"swiper-slide-image\" src=\"https:\/\/www.erkovan.com.tr\/wp-content\/uploads\/elementor\/thumbs\/20250108_172210-scaled-r05ae3qz4o3m8wmk4alp50o2eg0i7k95tu3eekbnns.jpg\" alt=\"20250108_172210\" \/><\/figure><\/div><div class=\"swiper-slide\" role=\"group\" aria-roledescription=\"slide\" aria-label=\"3 of 3\"><figure class=\"swiper-slide-inner\"><img decoding=\"async\" class=\"swiper-slide-image\" src=\"https:\/\/www.erkovan.com.tr\/wp-content\/uploads\/elementor\/thumbs\/20250108_172239-scaled-r05ae6khp67h7qignttkuhyg6lmlunkcu81uue7h54.jpg\" alt=\"20250108_172239\" \/><\/figure><\/div>\t\t\t<\/div>\n\t\t\t\t\t\t\t\n\t\t\t\t\t\t\t\t\t<div class=\"swiper-pagination\"><\/div>\n\t\t\t\t\t\t\t\t\t<\/div>\n\t\t\t\t\t\t<\/div>\n\t\t\t\t<\/div>\n\t\t\t\t<\/div>\n\t\t<div class=\"elementor-element elementor-element-ffa8ef4 e-con-full e-flex e-con e-child\" data-id=\"ffa8ef4\" data-element_type=\"container\">\n\t\t\t\t<div class=\"elementor-element elementor-element-dc6b97c elementor-invisible elementor-widget elementor-widget-heading\" data-id=\"dc6b97c\" data-element_type=\"widget\" data-settings=\"{&quot;_animation&quot;:&quot;fadeInUp&quot;}\" data-widget_type=\"heading.default\">\n\t\t\t\t<div class=\"elementor-widget-container\">\n\t\t\t\t\t<h2 class=\"elementor-heading-title elementor-size-default\">Plastik Tabana Uyumlu Kulu\u00e7kal\u0131k<\/h2>\t\t\t\t<\/div>\n\t\t\t\t<\/div>\n\t\t\t\t<div class=\"elementor-element elementor-element-ad8e003 elementor-widget elementor-widget-text-editor\" data-id=\"ad8e003\" data-element_type=\"widget\" data-widget_type=\"text-editor.default\">\n\t\t\t\t<div class=\"elementor-widget-container\">\n\t\t\t\t\t\t\t\t\t<p><span style=\"vertical-align: inherit;\"><span style=\"vertical-align: inherit;\"><span style=\"vertical-align: inherit;\"><span style=\"vertical-align: inherit;\">Plastik tabana uyumlu kulu\u00e7kal\u0131klar\u0131m\u0131z, ar\u0131 kolonilerinizin sa\u011fl\u0131kl\u0131 bir \u015fekilde b\u00fcy\u00fcmesi ve kullan\u0131lmas\u0131 i\u00e7in \u00f6zel olarak tasarlanm\u0131\u015ft\u0131r. Dayan\u0131kl\u0131 olarak \u00fcretilen bu kulu\u00e7kal\u0131klar, plastik tabanl\u0131 kovan sistemleriyle m\u00fckemmel uyum sa\u011flar ve ar\u0131c\u0131l\u0131k s\u00fcrecinin\u00a0 s\u0131kl\u0131\u011f\u0131 artar.<\/span><\/span><\/span><\/span><\/p><p><span style=\"vertical-align: inherit;\"><span style=\"vertical-align: inherit;\"><span style=\"vertical-align: inherit;\"><span style=\"vertical-align: inherit;\">Kulu\u00e7kal\u0131k, ana ar\u0131n\u0131n yumurtlayarak yeni i\u015f\u00e7i ar\u0131lar\u0131n yeti\u015fmesini sa\u011flad\u0131\u011f\u0131 bir alan oldu\u011fundan, tasar\u0131m\u0131nda ar\u0131lar\u0131n do\u011fal hareketlerini destekleyen bir yap\u0131 tercih edilmi\u015ftir. Plastik tabana uyumlu yap\u0131s\u0131, kolay montaj ve demontaj imkan\u0131 sunarak kullan\u0131c\u0131 dostu bir deneyim sa\u011flar. Hafif yap\u0131s\u0131 sayesinde ta\u015f\u0131nmas\u0131 ve d\u00fczenlenmesi\u00a0 olduk\u00e7a pratiktir.<\/span><\/span><\/span><\/span><\/p>\t\t\t\t\t\t\t\t<\/div>\n\t\t\t\t<\/div>\n\t\t\t\t<div class=\"elementor-element elementor-element-81acc88 elementor-align-left elementor-widget elementor-widget-button\" data-id=\"81acc88\" data-element_type=\"widget\" data-widget_type=\"button.default\">\n\t\t\t\t<div class=\"elementor-widget-container\">\n\t\t\t\t\t\t\t\t\t<div class=\"elementor-button-wrapper\">\n\t\t\t\t\t<a class=\"elementor-button elementor-button-link elementor-size-md\" href=\"https:\/\/www.erkovan.com.tr\/index.php\/iletisim\/\">\n\t\t\t\t\t\t<span class=\"elementor-button-content-wrapper\">\n\t\t\t\t\t\t\t\t\t<span class=\"elementor-button-text\">\u0130leti\u015fim<\/span>\n\t\t\t\t\t<\/span>\n\t\t\t\t\t<\/a>\n\t\t\t\t<\/div>\n\t\t\t\t\t\t\t\t<\/div>\n\t\t\t\t<\/div>\n\t\t\t\t<\/div>\n\t\t\t\t\t<\/div>\n\t\t\t\t<\/div>\n\t\t\t\t<section class=\"elementor-section elementor-top-section elementor-element elementor-element-c917b25 elementor-section-boxed elementor-section-height-default elementor-section-height-default\" data-id=\"c917b25\" data-element_type=\"section\" data-settings=\"{&quot;background_background&quot;:&quot;classic&quot;}\">\n\t\t\t\t\t\t\t<div class=\"elementor-background-overlay\"><\/div>\n\t\t\t\t\t\t\t<div class=\"elementor-container elementor-column-gap-default\">\n\t\t\t\t\t<div class=\"elementor-column elementor-col-100 elementor-top-column elementor-element elementor-element-eb50808 elementor-invisible\" data-id=\"eb50808\" data-element_type=\"column\" data-settings=\"{&quot;animation&quot;:&quot;fadeInUp&quot;}\">\n\t\t\t<div class=\"elementor-widget-wrap elementor-element-populated\">\n\t\t\t\t\t\t<div class=\"elementor-element elementor-element-639cec8 elementor-widget elementor-widget-heading\" data-id=\"639cec8\" data-element_type=\"widget\" data-widget_type=\"heading.default\">\n\t\t\t\t<div class=\"elementor-widget-container\">\n\t\t\t\t\t<h2 class=\"elementor-heading-title elementor-size-default\">B\u0130ZE ULA\u015eIN<\/h2>\t\t\t\t<\/div>\n\t\t\t\t<\/div>\n\t\t\t\t<div class=\"elementor-element elementor-element-5ddf7da elementor-widget elementor-widget-heading\" data-id=\"5ddf7da\" data-element_type=\"widget\" data-widget_type=\"heading.default\">\n\t\t\t\t<div class=\"elementor-widget-container\">\n\t\t\t\t\t<h2 class=\"elementor-heading-title elementor-size-default\">Erkovan\u2019la Ar\u0131c\u0131l\u0131k Daha Verimli!<\/h2>\t\t\t\t<\/div>\n\t\t\t\t<\/div>\n\t\t\t\t<div class=\"elementor-element elementor-element-4449bcf elementor-widget elementor-widget-text-editor\" data-id=\"4449bcf\" data-element_type=\"widget\" data-widget_type=\"text-editor.default\">\n\t\t\t\t<div class=\"elementor-widget-container\">\n\t\t\t\t\t\t\t\t\t<p>Erkovan olarak, modern ar\u0131c\u0131l\u0131k i\u00e7in g\u00fcvenilir \u00e7\u00f6z\u00fcmler sunmaya ve ar\u0131c\u0131l\u0131kla u\u011fra\u015fanlar\u0131n yan\u0131nda olmaya devam ediyoruz.<\/p>\t\t\t\t\t\t\t\t<\/div>\n\t\t\t\t<\/div>\n\t\t\t\t<div class=\"elementor-element elementor-element-05237c3 elementor-align-center elementor-widget elementor-widget-button\" data-id=\"05237c3\" data-element_type=\"widget\" data-widget_type=\"button.default\">\n\t\t\t\t<div class=\"elementor-widget-container\">\n\t\t\t\t\t\t\t\t\t<div class=\"elementor-button-wrapper\">\n\t\t\t\t\t<a class=\"elementor-button elementor-button-link elementor-size-md\" href=\"https:\/\/www.erkovan.com.tr\/index.php\/iletisim\/\">\n\t\t\t\t\t\t<span class=\"elementor-button-content-wrapper\">\n\t\t\t\t\t\t\t\t\t<span class=\"elementor-button-text\">\u0130leti\u015fim<\/span>\n\t\t\t\t\t<\/span>\n\t\t\t\t\t<\/a>\n\t\t\t\t<\/div>\n\t\t\t\t\t\t\t\t<\/div>\n\t\t\t\t<\/div>\n\t\t\t\t\t<\/div>\n\t\t<\/div>\n\t\t\t\t\t<\/div>\n\t\t<\/section>\n\t\t\t\t<\/div>\n\t\t","protected":false},"excerpt":{"rendered":"<p>Plastik tabana uyumlu kulu\u00e7kal\u0131k Plastik Tabana Uyumlu Kulu\u00e7kal\u0131k Plastik tabana uyumlu kulu\u00e7kal\u0131klar\u0131m\u0131z, ar\u0131 kolonilerinizin sa\u011fl\u0131kl\u0131 bir \u015fekilde b\u00fcy\u00fcmesi ve kullan\u0131lmas\u0131 i\u00e7in \u00f6zel olarak tasarlanm\u0131\u015ft\u0131r. Dayan\u0131kl\u0131 olarak \u00fcretilen bu kulu\u00e7kal\u0131klar, plastik tabanl\u0131 kovan sistemleriyle m\u00fckemmel uyum sa\u011flar ve ar\u0131c\u0131l\u0131k s\u00fcrecinin\u00a0 s\u0131kl\u0131\u011f\u0131 artar. Kulu\u00e7kal\u0131k, ana ar\u0131n\u0131n yumurtlayarak yeni i\u015f\u00e7i ar\u0131lar\u0131n yeti\u015fmesini sa\u011flad\u0131\u011f\u0131 bir alan oldu\u011fundan, tasar\u0131m\u0131nda ar\u0131lar\u0131n [&hellip;]<\/p>\n","protected":false},"author":1,"featured_media":0,"parent":0,"menu_order":0,"comment_status":"closed","ping_status":"closed","template":"elementor_header_footer","meta":{"footnotes":""},"class_list":["post-232","page","type-page","status-publish","hentry"],"_links":{"self":[{"href":"https:\/\/www.erkovan.com.tr\/index.php\/wp-json\/wp\/v2\/pages\/232","targetHints":{"allow":["GET"]}}],"collection":[{"href":"https:\/\/www.erkovan.com.tr\/index.php\/wp-json\/wp\/v2\/pages"}],"about":[{"href":"https:\/\/www.erkovan.com.tr\/index.php\/wp-json\/wp\/v2\/types\/page"}],"author":[{"embeddable":true,"href":"https:\/\/www.erkovan.com.tr\/index.php\/wp-json\/wp\/v2\/users\/1"}],"replies":[{"embeddable":true,"href":"https:\/\/www.erkovan.com.tr\/index.php\/wp-json\/wp\/v2\/comments?post=232"}],"version-history":[{"count":9,"href":"https:\/\/www.erkovan.com.tr\/index.php\/wp-json\/wp\/v2\/pages\/232\/revisions"}],"predecessor-version":[{"id":434,"href":"https:\/\/www.erkovan.com.tr\/index.php\/wp-json\/wp\/v2\/pages\/232\/revisions\/434"}],"wp:attachment":[{"href":"https:\/\/www.erkovan.com.tr\/index.php\/wp-json\/wp\/v2\/media?parent=232"}],"curies":[{"name":"wp","href":"https:\/\/api.w.org\/{rel}","templated":true}]}}