{"id":207,"date":"2025-01-17T15:35:30","date_gmt":"2025-01-17T15:35:30","guid":{"rendered":"https:\/\/www.erkovan.com.tr\/?page_id=207"},"modified":"2025-02-12T17:53:48","modified_gmt":"2025-02-12T17:53:48","slug":"7-ve-5-cerceveli-kovanlar","status":"publish","type":"page","link":"https:\/\/www.erkovan.com.tr\/index.php\/7-ve-5-cerceveli-kovanlar\/","title":{"rendered":"7 ve 5 \u00c7er\u00e7eveli Kovanlar"},"content":{"rendered":"\t\t<div data-elementor-type=\"wp-page\" data-elementor-id=\"207\" class=\"elementor elementor-207\" data-elementor-post-type=\"page\">\n\t\t\t\t\t\t<section class=\"elementor-section elementor-top-section elementor-element elementor-element-68b7a880 elementor-section-boxed elementor-section-height-default elementor-section-height-default\" data-id=\"68b7a880\" data-element_type=\"section\" data-settings=\"{&quot;background_background&quot;:&quot;classic&quot;}\">\n\t\t\t\t\t\t\t<div class=\"elementor-background-overlay\"><\/div>\n\t\t\t\t\t\t\t<div class=\"elementor-container elementor-column-gap-default\">\n\t\t\t\t\t<div class=\"elementor-column elementor-col-100 elementor-top-column elementor-element elementor-element-43a2ca63\" data-id=\"43a2ca63\" data-element_type=\"column\">\n\t\t\t<div class=\"elementor-widget-wrap elementor-element-populated\">\n\t\t\t\t\t\t<div class=\"elementor-element elementor-element-2f1fcb23 elementor-invisible elementor-widget elementor-widget-heading\" data-id=\"2f1fcb23\" data-element_type=\"widget\" data-settings=\"{&quot;_animation&quot;:&quot;fadeInUp&quot;,&quot;_animation_delay&quot;:360}\" data-widget_type=\"heading.default\">\n\t\t\t\t<div class=\"elementor-widget-container\">\n\t\t\t\t\t<h2 class=\"elementor-heading-title elementor-size-default\">7 ve 5 \u00c7er\u00e7eveli Kovanlar<\/h2>\t\t\t\t<\/div>\n\t\t\t\t<\/div>\n\t\t\t\t\t<\/div>\n\t\t<\/div>\n\t\t\t\t\t<\/div>\n\t\t<\/section>\n\t\t<div class=\"elementor-element elementor-element-7c2d62f e-flex e-con-boxed e-con e-parent\" data-id=\"7c2d62f\" data-element_type=\"container\">\n\t\t\t\t\t<div class=\"e-con-inner\">\n\t\t<div class=\"elementor-element elementor-element-211249d e-con-full e-flex e-con e-child\" data-id=\"211249d\" data-element_type=\"container\">\n\t\t\t\t<div class=\"elementor-element elementor-element-b142977 elementor-pagination-position-outside elementor-widget elementor-widget-image-carousel\" data-id=\"b142977\" data-element_type=\"widget\" data-settings=\"{&quot;slides_to_show&quot;:&quot;1&quot;,&quot;navigation&quot;:&quot;dots&quot;,&quot;autoplay&quot;:&quot;yes&quot;,&quot;pause_on_hover&quot;:&quot;yes&quot;,&quot;pause_on_interaction&quot;:&quot;yes&quot;,&quot;autoplay_speed&quot;:5000,&quot;infinite&quot;:&quot;yes&quot;,&quot;effect&quot;:&quot;slide&quot;,&quot;speed&quot;:500}\" data-widget_type=\"image-carousel.default\">\n\t\t\t\t<div class=\"elementor-widget-container\">\n\t\t\t\t\t\t\t<div class=\"elementor-image-carousel-wrapper swiper\" role=\"region\" aria-roledescription=\"carousel\" aria-label=\"Image Carousel\" dir=\"ltr\">\n\t\t\t<div class=\"elementor-image-carousel swiper-wrapper swiper-image-stretch\" aria-live=\"off\">\n\t\t\t\t\t\t\t\t<div class=\"swiper-slide\" role=\"group\" aria-roledescription=\"slide\" aria-label=\"1 of 4\"><figure class=\"swiper-slide-inner\"><img decoding=\"async\" class=\"swiper-slide-image\" src=\"https:\/\/www.erkovan.com.tr\/wp-content\/uploads\/elementor\/thumbs\/20250108_170611-1-scaled-r05a7nku8l9sl7zss08uj597o9suebnglwygv7vwco.jpg\" alt=\"20250108_170611\" \/><\/figure><\/div><div class=\"swiper-slide\" role=\"group\" aria-roledescription=\"slide\" aria-label=\"2 of 4\"><figure class=\"swiper-slide-inner\"><img decoding=\"async\" class=\"swiper-slide-image\" src=\"https:\/\/www.erkovan.com.tr\/wp-content\/uploads\/elementor\/thumbs\/20250108_170622-scaled-r05a7sa16rg879sz0k9zdm2in75ogt64ak7w9loxhk.jpg\" alt=\"20250108_170622\" \/><\/figure><\/div><div class=\"swiper-slide\" role=\"group\" aria-roledescription=\"slide\" aria-label=\"3 of 4\"><figure class=\"swiper-slide-inner\"><img decoding=\"async\" class=\"swiper-slide-image\" src=\"https:\/\/www.erkovan.com.tr\/wp-content\/uploads\/elementor\/thumbs\/20250108_170700-scaled-r05a7w1dy3ldhpnielwhnl4d0qn5bll1n2tu6pjcso.jpg\" alt=\"20250108_170700\" \/><\/figure><\/div><div class=\"swiper-slide\" role=\"group\" aria-roledescription=\"slide\" aria-label=\"4 of 4\"><figure class=\"swiper-slide-inner\"><img decoding=\"async\" class=\"swiper-slide-image\" src=\"https:\/\/www.erkovan.com.tr\/wp-content\/uploads\/elementor\/thumbs\/20250108_170948-scaled-r05a7zsqpfqis5i1snizxk67ea4m6dzyzlfs3tds3s.jpg\" alt=\"20250108_170948\" \/><\/figure><\/div>\t\t\t<\/div>\n\t\t\t\t\t\t\t\n\t\t\t\t\t\t\t\t\t<div class=\"swiper-pagination\"><\/div>\n\t\t\t\t\t\t\t\t\t<\/div>\n\t\t\t\t\t\t<\/div>\n\t\t\t\t<\/div>\n\t\t\t\t<\/div>\n\t\t<div class=\"elementor-element elementor-element-ffa8ef4 e-con-full e-flex e-con e-child\" data-id=\"ffa8ef4\" data-element_type=\"container\">\n\t\t\t\t<div class=\"elementor-element elementor-element-dc6b97c elementor-invisible elementor-widget elementor-widget-heading\" data-id=\"dc6b97c\" data-element_type=\"widget\" data-settings=\"{&quot;_animation&quot;:&quot;fadeInUp&quot;}\" data-widget_type=\"heading.default\">\n\t\t\t\t<div class=\"elementor-widget-container\">\n\t\t\t\t\t<h2 class=\"elementor-heading-title elementor-size-default\">7 ve 5 \u00c7er\u00e7eveli Kovanlar<\/h2>\t\t\t\t<\/div>\n\t\t\t\t<\/div>\n\t\t\t\t<div class=\"elementor-element elementor-element-ad8e003 elementor-widget elementor-widget-text-editor\" data-id=\"ad8e003\" data-element_type=\"widget\" data-widget_type=\"text-editor.default\">\n\t\t\t\t<div class=\"elementor-widget-container\">\n\t\t\t\t\t\t\t\t\t<p>7 ve 5 \u00e7er\u00e7eveli kovanlar\u0131m\u0131z, kompakt yap\u0131s\u0131 ve pratik kullan\u0131m\u0131yla k\u00fc\u00e7\u00fck \u00f6l\u00e7ekli ar\u0131c\u0131l\u0131k ve koloni y\u00f6netimi i\u00e7in m\u00fckemmel bir \u00e7\u00f6z\u00fcmd\u00fcr. \u00d6zellikle yeni ba\u015flayan ar\u0131c\u0131lar ve koloni b\u00fcy\u00fctme ama\u00e7l\u0131 profesyoneller i\u00e7in ideal olan bu kovanlar, hafif ve ta\u015f\u0131nabilir yap\u0131s\u0131yla dikkat \u00e7eker.<\/p><p>K\u00fc\u00e7\u00fck boyutlar\u0131 sayesinde, ar\u0131 kolonilerinin geli\u015fimini takip etmek ve kontrol etmek daha kolayd\u0131r. Bu kovanlar, yerden tasarruf sa\u011flarken ayn\u0131 zamanda ar\u0131lar\u0131n\u0131z i\u00e7in konforlu ve g\u00fcvenli bir ortam sunar. 7 ve 5 \u00e7er\u00e7eveli tasar\u0131m, \u00f6zellikle ge\u00e7ici koloni bak\u0131m\u0131, krali\u00e7e ar\u0131 \u00fcretimi veya yeni kolonilerin b\u00fcy\u00fct\u00fclmesi i\u00e7in idealdir.<\/p>\t\t\t\t\t\t\t\t<\/div>\n\t\t\t\t<\/div>\n\t\t\t\t<div class=\"elementor-element elementor-element-81acc88 elementor-align-left elementor-widget elementor-widget-button\" data-id=\"81acc88\" data-element_type=\"widget\" data-widget_type=\"button.default\">\n\t\t\t\t<div class=\"elementor-widget-container\">\n\t\t\t\t\t\t\t\t\t<div class=\"elementor-button-wrapper\">\n\t\t\t\t\t<a class=\"elementor-button elementor-button-link elementor-size-md\" href=\"https:\/\/www.erkovan.com.tr\/index.php\/iletisim\/\">\n\t\t\t\t\t\t<span class=\"elementor-button-content-wrapper\">\n\t\t\t\t\t\t\t\t\t<span class=\"elementor-button-text\">\u0130leti\u015fim<\/span>\n\t\t\t\t\t<\/span>\n\t\t\t\t\t<\/a>\n\t\t\t\t<\/div>\n\t\t\t\t\t\t\t\t<\/div>\n\t\t\t\t<\/div>\n\t\t\t\t<\/div>\n\t\t\t\t\t<\/div>\n\t\t\t\t<\/div>\n\t\t\t\t<section class=\"elementor-section elementor-top-section elementor-element elementor-element-c917b25 elementor-section-boxed elementor-section-height-default elementor-section-height-default\" data-id=\"c917b25\" data-element_type=\"section\" data-settings=\"{&quot;background_background&quot;:&quot;classic&quot;}\">\n\t\t\t\t\t\t\t<div class=\"elementor-background-overlay\"><\/div>\n\t\t\t\t\t\t\t<div class=\"elementor-container elementor-column-gap-default\">\n\t\t\t\t\t<div class=\"elementor-column elementor-col-100 elementor-top-column elementor-element elementor-element-eb50808 elementor-invisible\" data-id=\"eb50808\" data-element_type=\"column\" data-settings=\"{&quot;animation&quot;:&quot;fadeInUp&quot;}\">\n\t\t\t<div class=\"elementor-widget-wrap elementor-element-populated\">\n\t\t\t\t\t\t<div class=\"elementor-element elementor-element-639cec8 elementor-widget elementor-widget-heading\" data-id=\"639cec8\" data-element_type=\"widget\" data-widget_type=\"heading.default\">\n\t\t\t\t<div class=\"elementor-widget-container\">\n\t\t\t\t\t<h2 class=\"elementor-heading-title elementor-size-default\">B\u0130ZE ULA\u015eIN<\/h2>\t\t\t\t<\/div>\n\t\t\t\t<\/div>\n\t\t\t\t<div class=\"elementor-element elementor-element-5ddf7da elementor-widget elementor-widget-heading\" data-id=\"5ddf7da\" data-element_type=\"widget\" data-widget_type=\"heading.default\">\n\t\t\t\t<div class=\"elementor-widget-container\">\n\t\t\t\t\t<h2 class=\"elementor-heading-title elementor-size-default\">Erkovan\u2019la Ar\u0131c\u0131l\u0131k Daha Verimli!<\/h2>\t\t\t\t<\/div>\n\t\t\t\t<\/div>\n\t\t\t\t<div class=\"elementor-element elementor-element-4449bcf elementor-widget elementor-widget-text-editor\" data-id=\"4449bcf\" data-element_type=\"widget\" data-widget_type=\"text-editor.default\">\n\t\t\t\t<div class=\"elementor-widget-container\">\n\t\t\t\t\t\t\t\t\t<p>Erkovan olarak, modern ar\u0131c\u0131l\u0131k i\u00e7in g\u00fcvenilir \u00e7\u00f6z\u00fcmler sunmaya ve ar\u0131c\u0131l\u0131kla u\u011fra\u015fanlar\u0131n yan\u0131nda olmaya devam ediyoruz.<\/p>\t\t\t\t\t\t\t\t<\/div>\n\t\t\t\t<\/div>\n\t\t\t\t<div class=\"elementor-element elementor-element-05237c3 elementor-align-center elementor-widget elementor-widget-button\" data-id=\"05237c3\" data-element_type=\"widget\" data-widget_type=\"button.default\">\n\t\t\t\t<div class=\"elementor-widget-container\">\n\t\t\t\t\t\t\t\t\t<div class=\"elementor-button-wrapper\">\n\t\t\t\t\t<a class=\"elementor-button elementor-button-link elementor-size-md\" href=\"https:\/\/www.erkovan.com.tr\/index.php\/iletisim\/\">\n\t\t\t\t\t\t<span class=\"elementor-button-content-wrapper\">\n\t\t\t\t\t\t\t\t\t<span class=\"elementor-button-text\">\u0130leti\u015fim<\/span>\n\t\t\t\t\t<\/span>\n\t\t\t\t\t<\/a>\n\t\t\t\t<\/div>\n\t\t\t\t\t\t\t\t<\/div>\n\t\t\t\t<\/div>\n\t\t\t\t\t<\/div>\n\t\t<\/div>\n\t\t\t\t\t<\/div>\n\t\t<\/section>\n\t\t\t\t<\/div>\n\t\t","protected":false},"excerpt":{"rendered":"<p>7 ve 5 \u00c7er\u00e7eveli Kovanlar 7 ve 5 \u00c7er\u00e7eveli Kovanlar 7 ve 5 \u00e7er\u00e7eveli kovanlar\u0131m\u0131z, kompakt yap\u0131s\u0131 ve pratik kullan\u0131m\u0131yla k\u00fc\u00e7\u00fck \u00f6l\u00e7ekli ar\u0131c\u0131l\u0131k ve koloni y\u00f6netimi i\u00e7in m\u00fckemmel bir \u00e7\u00f6z\u00fcmd\u00fcr. \u00d6zellikle yeni ba\u015flayan ar\u0131c\u0131lar ve koloni b\u00fcy\u00fctme ama\u00e7l\u0131 profesyoneller i\u00e7in ideal olan bu kovanlar, hafif ve ta\u015f\u0131nabilir yap\u0131s\u0131yla dikkat \u00e7eker. K\u00fc\u00e7\u00fck boyutlar\u0131 sayesinde, ar\u0131 kolonilerinin [&hellip;]<\/p>\n","protected":false},"author":1,"featured_media":0,"parent":0,"menu_order":0,"comment_status":"closed","ping_status":"closed","template":"elementor_header_footer","meta":{"footnotes":""},"class_list":["post-207","page","type-page","status-publish","hentry"],"_links":{"self":[{"href":"https:\/\/www.erkovan.com.tr\/index.php\/wp-json\/wp\/v2\/pages\/207","targetHints":{"allow":["GET"]}}],"collection":[{"href":"https:\/\/www.erkovan.com.tr\/index.php\/wp-json\/wp\/v2\/pages"}],"about":[{"href":"https:\/\/www.erkovan.com.tr\/index.php\/wp-json\/wp\/v2\/types\/page"}],"author":[{"embeddable":true,"href":"https:\/\/www.erkovan.com.tr\/index.php\/wp-json\/wp\/v2\/users\/1"}],"replies":[{"embeddable":true,"href":"https:\/\/www.erkovan.com.tr\/index.php\/wp-json\/wp\/v2\/comments?post=207"}],"version-history":[{"count":6,"href":"https:\/\/www.erkovan.com.tr\/index.php\/wp-json\/wp\/v2\/pages\/207\/revisions"}],"predecessor-version":[{"id":335,"href":"https:\/\/www.erkovan.com.tr\/index.php\/wp-json\/wp\/v2\/pages\/207\/revisions\/335"}],"wp:attachment":[{"href":"https:\/\/www.erkovan.com.tr\/index.php\/wp-json\/wp\/v2\/media?parent=207"}],"curies":[{"name":"wp","href":"https:\/\/api.w.org\/{rel}","templated":true}]}}