{"id":173,"date":"2025-01-17T15:27:14","date_gmt":"2025-01-17T15:27:14","guid":{"rendered":"https:\/\/www.erkovan.com.tr\/?page_id=173"},"modified":"2025-05-19T15:36:11","modified_gmt":"2025-05-19T15:36:11","slug":"ahsap-polen-tuzakli-kovanlar","status":"publish","type":"page","link":"https:\/\/www.erkovan.com.tr\/index.php\/ahsap-polen-tuzakli-kovanlar\/","title":{"rendered":"Ah\u015fap Polen Tuzakl\u0131 Kovanlar"},"content":{"rendered":"\t\t<div data-elementor-type=\"wp-page\" data-elementor-id=\"173\" class=\"elementor elementor-173\" data-elementor-post-type=\"page\">\n\t\t\t\t\t\t<section class=\"elementor-section elementor-top-section elementor-element elementor-element-68b7a880 elementor-section-boxed elementor-section-height-default elementor-section-height-default\" data-id=\"68b7a880\" data-element_type=\"section\" data-settings=\"{&quot;background_background&quot;:&quot;classic&quot;}\">\n\t\t\t\t\t\t\t<div class=\"elementor-background-overlay\"><\/div>\n\t\t\t\t\t\t\t<div class=\"elementor-container elementor-column-gap-default\">\n\t\t\t\t\t<div class=\"elementor-column elementor-col-100 elementor-top-column elementor-element elementor-element-43a2ca63\" data-id=\"43a2ca63\" data-element_type=\"column\">\n\t\t\t<div class=\"elementor-widget-wrap elementor-element-populated\">\n\t\t\t\t\t\t<div class=\"elementor-element elementor-element-2f1fcb23 elementor-invisible elementor-widget elementor-widget-heading\" data-id=\"2f1fcb23\" data-element_type=\"widget\" data-settings=\"{&quot;_animation&quot;:&quot;fadeInUp&quot;,&quot;_animation_delay&quot;:360}\" data-widget_type=\"heading.default\">\n\t\t\t\t<div class=\"elementor-widget-container\">\n\t\t\t\t\t<h2 class=\"elementor-heading-title elementor-size-default\">Ah\u015fap Polen Tuzakl\u0131 Kovanlar<\/h2>\t\t\t\t<\/div>\n\t\t\t\t<\/div>\n\t\t\t\t\t<\/div>\n\t\t<\/div>\n\t\t\t\t\t<\/div>\n\t\t<\/section>\n\t\t<div class=\"elementor-element elementor-element-7c2d62f e-flex e-con-boxed e-con e-parent\" data-id=\"7c2d62f\" data-element_type=\"container\">\n\t\t\t\t\t<div class=\"e-con-inner\">\n\t\t<div class=\"elementor-element elementor-element-211249d e-con-full e-flex e-con e-child\" data-id=\"211249d\" data-element_type=\"container\">\n\t\t\t\t<div class=\"elementor-element elementor-element-b142977 elementor-pagination-position-outside elementor-widget elementor-widget-image-carousel\" data-id=\"b142977\" data-element_type=\"widget\" data-settings=\"{&quot;slides_to_show&quot;:&quot;1&quot;,&quot;navigation&quot;:&quot;dots&quot;,&quot;autoplay&quot;:&quot;yes&quot;,&quot;pause_on_hover&quot;:&quot;yes&quot;,&quot;pause_on_interaction&quot;:&quot;yes&quot;,&quot;autoplay_speed&quot;:5000,&quot;infinite&quot;:&quot;yes&quot;,&quot;effect&quot;:&quot;slide&quot;,&quot;speed&quot;:500}\" data-widget_type=\"image-carousel.default\">\n\t\t\t\t<div class=\"elementor-widget-container\">\n\t\t\t\t\t\t\t<div class=\"elementor-image-carousel-wrapper swiper\" role=\"region\" aria-roledescription=\"carousel\" aria-label=\"Image Carousel\" dir=\"ltr\">\n\t\t\t<div class=\"elementor-image-carousel swiper-wrapper swiper-image-stretch\" aria-live=\"off\">\n\t\t\t\t\t\t\t\t<div class=\"swiper-slide\" role=\"group\" aria-roledescription=\"slide\" aria-label=\"1 of 7\"><figure class=\"swiper-slide-inner\"><img decoding=\"async\" class=\"swiper-slide-image\" src=\"https:\/\/www.erkovan.com.tr\/wp-content\/uploads\/elementor\/thumbs\/20250108_174318-scaled-r05a1p9myd4f24n3jflwqnc48f55nc0nsg7rg4pnrc.jpg\" alt=\"20250108_174318\" \/><\/figure><\/div><div class=\"swiper-slide\" role=\"group\" aria-roledescription=\"slide\" aria-label=\"2 of 7\"><figure class=\"swiper-slide-inner\"><img decoding=\"async\" class=\"swiper-slide-image\" src=\"https:\/\/www.erkovan.com.tr\/wp-content\/uploads\/elementor\/thumbs\/20250108_174343-scaled-r05a1t0zpp9kckhmxh8f0mdylymmi4fl4ytpd8k32g.jpg\" alt=\"20250108_174343\" \/><\/figure><\/div><div class=\"swiper-slide\" role=\"group\" aria-roledescription=\"slide\" aria-label=\"3 of 7\"><figure class=\"swiper-slide-inner\"><img decoding=\"async\" class=\"swiper-slide-image\" src=\"https:\/\/www.erkovan.com.tr\/wp-content\/uploads\/elementor\/thumbs\/20250108_174439-1-scaled-r05a1wsch1epn0c6biuxalfszi43cwuihhfnaceidk.jpg\" alt=\"20250108_174439\" \/><\/figure><\/div><div class=\"swiper-slide\" role=\"group\" aria-roledescription=\"slide\" aria-label=\"4 of 7\"><figure class=\"swiper-slide-inner\"><img decoding=\"async\" class=\"swiper-slide-image\" src=\"https:\/\/www.erkovan.com.tr\/wp-content\/uploads\/elementor\/thumbs\/20250108_174955-scaled-r05a20jp8djuxg6ppkhfkkhnd1lk7p9fu01l7g8xoo.jpg\" alt=\"20250108_174955\" \/><\/figure><\/div><div class=\"swiper-slide\" role=\"group\" aria-roledescription=\"slide\" aria-label=\"5 of 7\"><figure class=\"swiper-slide-inner\"><img decoding=\"async\" class=\"swiper-slide-image\" src=\"https:\/\/www.erkovan.com.tr\/wp-content\/uploads\/elementor\/thumbs\/20250108_175209-scaled-r05a24b1zpp07w193m3xujjhql312hod6inj4k3czs.jpg\" alt=\"20250108_175209\" \/><\/figure><\/div><div class=\"swiper-slide\" role=\"group\" aria-roledescription=\"slide\" aria-label=\"6 of 7\"><figure class=\"swiper-slide-inner\"><img decoding=\"async\" class=\"swiper-slide-image\" src=\"https:\/\/www.erkovan.com.tr\/wp-content\/uploads\/elementor\/thumbs\/20250108_175253-scaled-r05a274kk7sv6px5n5btk0tviqp4pkzk6wlzkdz6h4.jpg\" alt=\"20250108_175253\" \/><\/figure><\/div><div class=\"swiper-slide\" role=\"group\" aria-roledescription=\"slide\" aria-label=\"7 of 7\"><figure class=\"swiper-slide-inner\"><img decoding=\"async\" class=\"swiper-slide-image\" src=\"https:\/\/www.erkovan.com.tr\/wp-content\/uploads\/elementor\/thumbs\/20250108_175900-scaled-r05a2btridzasrqbvpcyehn6ho1ys2i7vjveyrs7m0.jpg\" alt=\"20250108_175900\" \/><\/figure><\/div>\t\t\t<\/div>\n\t\t\t\t\t\t\t\n\t\t\t\t\t\t\t\t\t<div class=\"swiper-pagination\"><\/div>\n\t\t\t\t\t\t\t\t\t<\/div>\n\t\t\t\t\t\t<\/div>\n\t\t\t\t<\/div>\n\t\t\t\t<\/div>\n\t\t<div class=\"elementor-element elementor-element-ffa8ef4 e-con-full e-flex e-con e-child\" data-id=\"ffa8ef4\" data-element_type=\"container\">\n\t\t\t\t<div class=\"elementor-element elementor-element-dc6b97c elementor-invisible elementor-widget elementor-widget-heading\" data-id=\"dc6b97c\" data-element_type=\"widget\" data-settings=\"{&quot;_animation&quot;:&quot;fadeInUp&quot;}\" data-widget_type=\"heading.default\">\n\t\t\t\t<div class=\"elementor-widget-container\">\n\t\t\t\t\t<h2 class=\"elementor-heading-title elementor-size-default\">Ah\u015fap Polen Tuzakl\u0131 Kovanlar<\/h2>\t\t\t\t<\/div>\n\t\t\t\t<\/div>\n\t\t\t\t<div class=\"elementor-element elementor-element-ad8e003 elementor-widget elementor-widget-text-editor\" data-id=\"ad8e003\" data-element_type=\"widget\" data-widget_type=\"text-editor.default\">\n\t\t\t\t<div class=\"elementor-widget-container\">\n\t\t\t\t\t\t\t\t\t<p>Ah\u015fap polen tuzakl\u0131 kovanlar\u0131m\u0131z, do\u011fal malzemeden \u00fcretilmi\u015f olup ar\u0131lar\u0131n\u0131z i\u00e7in sa\u011fl\u0131kl\u0131 ve do\u011fal bir ya\u015fam alan\u0131 sunar. Geleneksel ah\u015fap yap\u0131s\u0131 sayesinde, ar\u0131lar\u0131n\u0131z\u0131n do\u011fal ortamlar\u0131na en yak\u0131n ko\u015fullarda ya\u015famas\u0131n\u0131 ve sa\u011fl\u0131kl\u0131 bal \u00fcretimi ger\u00e7ekle\u015ftirmesini sa\u011flar. Sa\u011flam ve dayan\u0131kl\u0131 yap\u0131s\u0131yla uzun \u00f6m\u00fcrl\u00fc kullan\u0131m sunan bu kovanlar, ar\u0131c\u0131l\u0131k faaliyetlerinizi daha verimli h\u00e2le getirir.<\/p><p>\u00a0<\/p><p>Polen tuzakl\u0131 tasar\u0131m\u0131 sayesinde, ar\u0131lar\u0131n\u0131z\u0131n toplad\u0131\u011f\u0131 poleni etkili bir \u015fekilde toplayarak do\u011fal ve g\u00fcvenli polen elde etme imk\u00e2n\u0131 sunar. Bu \u00f6zellik, polen \u00fcretimi yaparak gelir elde etmek isteyen ar\u0131c\u0131lar i\u00e7in idealdir. Ah\u015fap \u00fcr\u00fcnlerin sundu\u011fu do\u011fal yal\u0131t\u0131m, kolonilerinizin hem s\u0131cak hem de so\u011fuk hava ko\u015fullar\u0131nda korunmas\u0131n\u0131 sa\u011flar ve mevsim de\u011fi\u015fikliklerine uyum g\u00f6sterir.<\/p><p>\u00a0<\/p>\t\t\t\t\t\t\t\t<\/div>\n\t\t\t\t<\/div>\n\t\t\t\t<div class=\"elementor-element elementor-element-81acc88 elementor-align-left elementor-widget elementor-widget-button\" data-id=\"81acc88\" data-element_type=\"widget\" data-widget_type=\"button.default\">\n\t\t\t\t<div class=\"elementor-widget-container\">\n\t\t\t\t\t\t\t\t\t<div class=\"elementor-button-wrapper\">\n\t\t\t\t\t<a class=\"elementor-button elementor-button-link elementor-size-md\" href=\"https:\/\/www.erkovan.com.tr\/index.php\/iletisim\/\">\n\t\t\t\t\t\t<span class=\"elementor-button-content-wrapper\">\n\t\t\t\t\t\t\t\t\t<span class=\"elementor-button-text\">\u0130leti\u015fim<\/span>\n\t\t\t\t\t<\/span>\n\t\t\t\t\t<\/a>\n\t\t\t\t<\/div>\n\t\t\t\t\t\t\t\t<\/div>\n\t\t\t\t<\/div>\n\t\t\t\t<\/div>\n\t\t\t\t\t<\/div>\n\t\t\t\t<\/div>\n\t\t\t\t<section class=\"elementor-section elementor-top-section elementor-element elementor-element-c917b25 elementor-section-boxed elementor-section-height-default elementor-section-height-default\" data-id=\"c917b25\" data-element_type=\"section\" data-settings=\"{&quot;background_background&quot;:&quot;classic&quot;}\">\n\t\t\t\t\t\t\t<div class=\"elementor-background-overlay\"><\/div>\n\t\t\t\t\t\t\t<div class=\"elementor-container elementor-column-gap-default\">\n\t\t\t\t\t<div class=\"elementor-column elementor-col-100 elementor-top-column elementor-element elementor-element-eb50808 elementor-invisible\" data-id=\"eb50808\" data-element_type=\"column\" data-settings=\"{&quot;animation&quot;:&quot;fadeInUp&quot;}\">\n\t\t\t<div class=\"elementor-widget-wrap elementor-element-populated\">\n\t\t\t\t\t\t<div class=\"elementor-element elementor-element-639cec8 elementor-widget elementor-widget-heading\" data-id=\"639cec8\" data-element_type=\"widget\" data-widget_type=\"heading.default\">\n\t\t\t\t<div class=\"elementor-widget-container\">\n\t\t\t\t\t<h2 class=\"elementor-heading-title elementor-size-default\">B\u0130ZE ULA\u015eIN<\/h2>\t\t\t\t<\/div>\n\t\t\t\t<\/div>\n\t\t\t\t<div class=\"elementor-element elementor-element-5ddf7da elementor-widget elementor-widget-heading\" data-id=\"5ddf7da\" data-element_type=\"widget\" data-widget_type=\"heading.default\">\n\t\t\t\t<div class=\"elementor-widget-container\">\n\t\t\t\t\t<h2 class=\"elementor-heading-title elementor-size-default\">Erkovan\u2019la Ar\u0131c\u0131l\u0131k Daha Verimli!<\/h2>\t\t\t\t<\/div>\n\t\t\t\t<\/div>\n\t\t\t\t<div class=\"elementor-element elementor-element-4449bcf elementor-widget elementor-widget-text-editor\" data-id=\"4449bcf\" data-element_type=\"widget\" data-widget_type=\"text-editor.default\">\n\t\t\t\t<div class=\"elementor-widget-container\">\n\t\t\t\t\t\t\t\t\t<p>Erkovan olarak, modern ar\u0131c\u0131l\u0131k i\u00e7in g\u00fcvenilir \u00e7\u00f6z\u00fcmler sunmaya ve ar\u0131c\u0131l\u0131kla u\u011fra\u015fanlar\u0131n yan\u0131nda olmaya devam ediyoruz.<\/p>\t\t\t\t\t\t\t\t<\/div>\n\t\t\t\t<\/div>\n\t\t\t\t<div class=\"elementor-element elementor-element-05237c3 elementor-align-center elementor-widget elementor-widget-button\" data-id=\"05237c3\" data-element_type=\"widget\" data-widget_type=\"button.default\">\n\t\t\t\t<div class=\"elementor-widget-container\">\n\t\t\t\t\t\t\t\t\t<div class=\"elementor-button-wrapper\">\n\t\t\t\t\t<a class=\"elementor-button elementor-button-link elementor-size-md\" href=\"https:\/\/www.erkovan.com.tr\/index.php\/iletisim\/\">\n\t\t\t\t\t\t<span class=\"elementor-button-content-wrapper\">\n\t\t\t\t\t\t\t\t\t<span class=\"elementor-button-text\">\u0130leti\u015fim<\/span>\n\t\t\t\t\t<\/span>\n\t\t\t\t\t<\/a>\n\t\t\t\t<\/div>\n\t\t\t\t\t\t\t\t<\/div>\n\t\t\t\t<\/div>\n\t\t\t\t\t<\/div>\n\t\t<\/div>\n\t\t\t\t\t<\/div>\n\t\t<\/section>\n\t\t\t\t<\/div>\n\t\t","protected":false},"excerpt":{"rendered":"<p>Ah\u015fap Polen Tuzakl\u0131 Kovanlar Ah\u015fap Polen Tuzakl\u0131 Kovanlar Ah\u015fap polen tuzakl\u0131 kovanlar\u0131m\u0131z, do\u011fal malzemeden \u00fcretilmi\u015f olup ar\u0131lar\u0131n\u0131z i\u00e7in sa\u011fl\u0131kl\u0131 ve do\u011fal bir ya\u015fam alan\u0131 sunar. Geleneksel ah\u015fap yap\u0131s\u0131 sayesinde, ar\u0131lar\u0131n\u0131z\u0131n do\u011fal ortamlar\u0131na en yak\u0131n ko\u015fullarda ya\u015famas\u0131n\u0131 ve sa\u011fl\u0131kl\u0131 bal \u00fcretimi ger\u00e7ekle\u015ftirmesini sa\u011flar. Sa\u011flam ve dayan\u0131kl\u0131 yap\u0131s\u0131yla uzun \u00f6m\u00fcrl\u00fc kullan\u0131m sunan bu kovanlar, ar\u0131c\u0131l\u0131k faaliyetlerinizi daha [&hellip;]<\/p>\n","protected":false},"author":1,"featured_media":0,"parent":0,"menu_order":0,"comment_status":"closed","ping_status":"closed","template":"elementor_header_footer","meta":{"footnotes":""},"class_list":["post-173","page","type-page","status-publish","hentry"],"_links":{"self":[{"href":"https:\/\/www.erkovan.com.tr\/index.php\/wp-json\/wp\/v2\/pages\/173","targetHints":{"allow":["GET"]}}],"collection":[{"href":"https:\/\/www.erkovan.com.tr\/index.php\/wp-json\/wp\/v2\/pages"}],"about":[{"href":"https:\/\/www.erkovan.com.tr\/index.php\/wp-json\/wp\/v2\/types\/page"}],"author":[{"embeddable":true,"href":"https:\/\/www.erkovan.com.tr\/index.php\/wp-json\/wp\/v2\/users\/1"}],"replies":[{"embeddable":true,"href":"https:\/\/www.erkovan.com.tr\/index.php\/wp-json\/wp\/v2\/comments?post=173"}],"version-history":[{"count":19,"href":"https:\/\/www.erkovan.com.tr\/index.php\/wp-json\/wp\/v2\/pages\/173\/revisions"}],"predecessor-version":[{"id":438,"href":"https:\/\/www.erkovan.com.tr\/index.php\/wp-json\/wp\/v2\/pages\/173\/revisions\/438"}],"wp:attachment":[{"href":"https:\/\/www.erkovan.com.tr\/index.php\/wp-json\/wp\/v2\/media?parent=173"}],"curies":[{"name":"wp","href":"https:\/\/api.w.org\/{rel}","templated":true}]}}